{"id":1256,"date":"2023-03-21T15:29:15","date_gmt":"2023-03-21T15:29:15","guid":{"rendered":"https:\/\/visage.arhorizon.eu\/?page_id=1256"},"modified":"2023-03-21T16:12:20","modified_gmt":"2023-03-21T16:12:20","slug":"cennik","status":"publish","type":"page","link":"https:\/\/visage.arhorizon.eu\/index.php\/cennik\/","title":{"rendered":"Cennik"},"content":{"rendered":"<p>[vc_row el_class=&#8221;info-boxes&#8221; css=&#8221;.vc_custom_1679414391639{padding-top: 5% !important;}&#8221;][vc_column width=&#8221;1\/3&#8243; el_class=&#8221;price-list-box&#8221; css=&#8221;.vc_custom_1679414217897{padding-top: 10% !important;padding-bottom: 10% !important;}&#8221;][vc_custom_heading text=&#8221;Salony kosmetyczne \u2013 dost\u0119p do podstawowej funkcjonalno\u015bci&#8221; font_container=&#8221;tag:h4|text_align:center|color:%23ae5a6f&#8221; google_fonts=&#8221;font_family:Roboto%3A100%2C100italic%2C300%2C300italic%2Cregular%2Citalic%2C500%2C500italic%2C700%2C700italic%2C900%2C900italic|font_style:500%20bold%20regular%3A500%3Anormal&#8221;][vc_separator color=&#8221;white&#8221;][vc_column_text]<\/p>\n<p style=\"text-align: center;\">W ramach abonamentu klienci b\u0119d\u0105 mieli dost\u0119p do aplikacji pozwalaj\u0105cej na umieszczanie przez salony zdj\u0119\u0107 swoich prac i udost\u0119pnianie linku do aplikacji swoim klientom.<\/p>\n<p>[\/vc_column_text][vc_column_text el_class=&#8221;price-list&#8221;]<\/p>\n<h1 style=\"text-align: center;\">100 z\u0142<\/h1>\n<p>[\/vc_column_text][vc_column_text]<\/p>\n<p style=\"text-align: center;\">Cena miesi\u0119cznej subskrypcji<\/p>\n<p>[\/vc_column_text][\/vc_column][vc_column width=&#8221;1\/3&#8243; el_class=&#8221;price-list-box&#8221; css=&#8221;.vc_custom_1679414226806{padding-top: 10% !important;padding-bottom: 10% !important;}&#8221;][vc_custom_heading text=&#8221;Salony kosmetyczne &#8211; dost\u0119p do dodatkowej funkcjonalno\u015bci (z okularami AR)&#8221; font_container=&#8221;tag:h4|text_align:center|color:%23ae5a6f&#8221; google_fonts=&#8221;font_family:Roboto%3A100%2C100italic%2C300%2C300italic%2Cregular%2Citalic%2C500%2C500italic%2C700%2C700italic%2C900%2C900italic|font_style:500%20bold%20regular%3A500%3Anormal&#8221;][vc_separator color=&#8221;white&#8221;][vc_column_text]<\/p>\n<p style=\"text-align: center;\">W ramach abonamentu klienci b\u0119d\u0105 mieli dost\u0119p do funkcjonalno\u015bci salonu kosmetycznego. Dodatkowo klienci w ramach abonamentu otrzymaj\u0105 okulary AR oraz dost\u0119p do funkcjonalno\u015bci oferowanej dzi\u0119ki okularom AR.<\/p>\n<p>[\/vc_column_text][vc_column_text el_class=&#8221;price-list&#8221;]<\/p>\n<h1 style=\"text-align: center;\">300 z\u0142<\/h1>\n<p>[\/vc_column_text][vc_column_text]<\/p>\n<p style=\"text-align: center;\">Cena miesi\u0119cznej subskrypcji<\/p>\n<p>[\/vc_column_text][\/vc_column][vc_column width=&#8221;1\/3&#8243; el_class=&#8221;price-list-box&#8221; css=&#8221;.vc_custom_1679414236458{padding-top: 10% !important;padding-bottom: 10% !important;}&#8221;][vc_custom_heading text=&#8221;Firmy organizuj\u0105ce szkolenia&#8221; font_container=&#8221;tag:h4|text_align:center|color:%23ae5a6f&#8221; google_fonts=&#8221;font_family:Roboto%3A100%2C100italic%2C300%2C300italic%2Cregular%2Citalic%2C500%2C500italic%2C700%2C700italic%2C900%2C900italic|font_style:500%20bold%20regular%3A500%3Anormal&#8221;][vc_separator color=&#8221;white&#8221;][vc_column_text]<\/p>\n<p style=\"text-align: center;\">W ramach abonamentu klienci b\u0119d\u0105 mieli dost\u0119p do funkcjonalno\u015bci salon\u00f3w kosmetycznych z okularami AR plus dost\u0119p do dodatkowych funkcjonalno\u015bci rozszerzaj\u0105cych mo\u017cliwo\u015bci prowadzenia szkole\u0144 zdalnych w tym prowadzenia szkole\u0144 online, oraz narz\u0119dzia do prowadzenia szkole\u0144 indywidualnych z wykorzystaniem okular\u00f3w AR.<\/p>\n<p>[\/vc_column_text][vc_column_text el_class=&#8221;price-list&#8221;]<\/p>\n<h1 style=\"text-align: center;\">850 z\u0142<\/h1>\n<p>[\/vc_column_text][vc_column_text]<\/p>\n<p style=\"text-align: center;\">Cena miesi\u0119cznej subskrypcji<\/p>\n<p>[\/vc_column_text][\/vc_column][\/vc_row]<\/p>\n","protected":false},"excerpt":{"rendered":"<p>[vc_row el_class=&#8221;info-boxes&#8221; css=&#8221;.vc_custom_1679414391639{padding-top: 5% !important;}&#8221;][vc_column width=&#8221;1\/3&#8243; el_class=&#8221;price-list-box&#8221; css=&#8221;.vc_custom_1679414217897{padding-top: 10% !important;padding-bottom: 10% !important;}&#8221;][vc_custom_heading text=&#8221;Salony kosmetyczne \u2013 dost\u0119p do podstawowej funkcjonalno\u015bci&#8221; font_container=&#8221;tag:h4|text_align:center|color:%23ae5a6f&#8221; google_fonts=&#8221;font_family:Roboto%3A100%2C100italic%2C300%2C300italic%2Cregular%2Citalic%2C500%2C500italic%2C700%2C700italic%2C900%2C900italic|font_style:500%20bold%20regular%3A500%3Anormal&#8221;][vc_separator color=&#8221;white&#8221;][vc_column_text] W ramach abonamentu klienci b\u0119d\u0105 mieli dost\u0119p do aplikacji pozwalaj\u0105cej na umieszczanie przez salony zdj\u0119\u0107 swoich prac i udost\u0119pnianie linku do aplikacji swoim klientom. [\/vc_column_text][vc_column_text el_class=&#8221;price-list&#8221;] 100 z\u0142 [\/vc_column_text][vc_column_text] Cena miesi\u0119cznej subskrypcji [\/vc_column_text][\/vc_column][vc_column [&hellip;]<\/p>\n","protected":false},"author":1,"featured_media":997,"parent":0,"menu_order":0,"comment_status":"closed","ping_status":"closed","template":"page-templates\/pages.php","meta":{"footnotes":""},"class_list":["post-1256","page","type-page","status-publish","has-post-thumbnail","hentry"],"_links":{"self":[{"href":"https:\/\/visage.arhorizon.eu\/index.php\/wp-json\/wp\/v2\/pages\/1256","targetHints":{"allow":["GET"]}}],"collection":[{"href":"https:\/\/visage.arhorizon.eu\/index.php\/wp-json\/wp\/v2\/pages"}],"about":[{"href":"https:\/\/visage.arhorizon.eu\/index.php\/wp-json\/wp\/v2\/types\/page"}],"author":[{"embeddable":true,"href":"https:\/\/visage.arhorizon.eu\/index.php\/wp-json\/wp\/v2\/users\/1"}],"replies":[{"embeddable":true,"href":"https:\/\/visage.arhorizon.eu\/index.php\/wp-json\/wp\/v2\/comments?post=1256"}],"version-history":[{"count":12,"href":"https:\/\/visage.arhorizon.eu\/index.php\/wp-json\/wp\/v2\/pages\/1256\/revisions"}],"predecessor-version":[{"id":1281,"href":"https:\/\/visage.arhorizon.eu\/index.php\/wp-json\/wp\/v2\/pages\/1256\/revisions\/1281"}],"wp:featuredmedia":[{"embeddable":true,"href":"https:\/\/visage.arhorizon.eu\/index.php\/wp-json\/wp\/v2\/media\/997"}],"wp:attachment":[{"href":"https:\/\/visage.arhorizon.eu\/index.php\/wp-json\/wp\/v2\/media?parent=1256"}],"curies":[{"name":"wp","href":"https:\/\/api.w.org\/{rel}","templated":true}]}}